{"id":980,"date":"2025-09-22T06:25:19","date_gmt":"2025-09-22T06:25:19","guid":{"rendered":"https:\/\/darkred-boar-326879.hostingersite.com\/product\/kreuzkuemmel-cumin-cuminum-cyminum\/"},"modified":"2025-10-14T11:14:20","modified_gmt":"2025-10-14T11:14:20","slug":"kreuzkuemmel-cumin-cuminum-cyminum","status":"publish","type":"product","link":"https:\/\/mr-aziz.de\/de\/produkt\/kreuzkuemmel-cumin-cuminum-cyminum\/","title":{"rendered":"Kreuzk\u00fcmmel\/Cumin\/Cuminum cyminum"},"content":{"rendered":"<p><span style=\"font-weight: 400;\" data-mce-style=\"font-weight: 400;\">Kreuzk\u00fcmmel ist ein wichtiges Samengew\u00fcrz und eine der fr\u00fchesten bekannten kleineren Gew\u00fcrzpflanzen, die von der Menschheit verwendet werden. Es wird angenommen, dass es in \u00c4gypten und Syrien, Turkestan und im \u00f6stlichen Mittelmeerraum heimisch ist. Das typische angenehme Aroma der Samen ist auf ihren hohen Gehalt an \u00e4therischen \u00d6len zur\u00fcckzuf\u00fchren, deren Hauptbestandteil Kreuzk\u00fcmmel\u00f6l (Cuminaldehyd) ist.<\/span><\/p>\n<p><span style=\"font-weight: 400;\" data-mce-style=\"font-weight: 400;\">Kreuzk\u00fcmmel hat eine lange Geschichte, die fast 5000 Jahre auf die alt\u00e4gyptische Zivilisation zur\u00fcckgeht, wo er als Gew\u00fcrz und als konservierendes Mittel in Mumifizierungsritualen verwendet wurde. Kreuzk\u00fcmmel wird sogar in der Bibel erw\u00e4hnt, sowohl im alten als auch im neuen Testament, wo gesagt wurde, dass Kreuzk\u00fcmmel als W\u00e4hrung benutzt wurde, um den Priestern &#8222;Zehnten&#8220; zu zahlen.<\/span><\/p>\n<p><span style=\"font-weight: 400;\" data-mce-style=\"font-weight: 400;\">K\u00fcmmel\u00f6le haben viele gesundheitliche Vorteile, sie helfen bei der Verdauung, sind reich an antiseptischen Eigenschaften, verhindern die Bildung \u00fcbersch\u00fcssiger Gase, helfen, Giftstoffe aus dem K\u00f6rper zu entfernen und sie sind auch bei der Behandlung von Durchfall und Cholera von Vorteil. Kreuzk\u00fcmmel kann auch bei der Straffung von Muskeln, Gewebe und Haut helfen, sowie bei der Aufrechterhaltung regelm\u00e4\u00dfiger Menstruationszyklen und ist wirksam bei der Heilung von Kr\u00e4mpfen, Angst und Stress. Es ist sogar bei der Heilung von Darm-, Darm- und Mageninfektionen wirksam.<\/span><\/p>\n","protected":false},"excerpt":{"rendered":"<p><b>Erntezeit: Winter bis Fr\u00fchling<\/b><\/p>\n","protected":false},"featured_media":982,"comment_status":"open","ping_status":"closed","template":"","meta":[],"product_brand":[],"product_cat":[36,35],"product_tag":[],"class_list":{"0":"post-980","1":"product","2":"type-product","3":"status-publish","4":"has-post-thumbnail","6":"product_cat-gewurze-und-krauter","7":"product_cat-alle","9":"first","10":"instock","11":"shipping-taxable","12":"product-type-simple"},"_links":{"self":[{"href":"https:\/\/mr-aziz.de\/de\/wp-json\/wp\/v2\/product\/980","targetHints":{"allow":["GET"]}}],"collection":[{"href":"https:\/\/mr-aziz.de\/de\/wp-json\/wp\/v2\/product"}],"about":[{"href":"https:\/\/mr-aziz.de\/de\/wp-json\/wp\/v2\/types\/product"}],"replies":[{"embeddable":true,"href":"https:\/\/mr-aziz.de\/de\/wp-json\/wp\/v2\/comments?post=980"}],"wp:featuredmedia":[{"embeddable":true,"href":"https:\/\/mr-aziz.de\/de\/wp-json\/wp\/v2\/media\/982"}],"wp:attachment":[{"href":"https:\/\/mr-aziz.de\/de\/wp-json\/wp\/v2\/media?parent=980"}],"wp:term":[{"taxonomy":"product_brand","embeddable":true,"href":"https:\/\/mr-aziz.de\/de\/wp-json\/wp\/v2\/product_brand?post=980"},{"taxonomy":"product_cat","embeddable":true,"href":"https:\/\/mr-aziz.de\/de\/wp-json\/wp\/v2\/product_cat?post=980"},{"taxonomy":"product_tag","embeddable":true,"href":"https:\/\/mr-aziz.de\/de\/wp-json\/wp\/v2\/product_tag?post=980"}],"curies":[{"name":"wp","href":"https:\/\/api.w.org\/{rel}","templated":true}]}}