{"id":1010,"date":"2025-09-23T06:27:20","date_gmt":"2025-09-23T06:27:20","guid":{"rendered":"https:\/\/darkred-boar-326879.hostingersite.com\/product\/thymian-thyme-thymus-vulgaris\/"},"modified":"2025-09-23T06:27:20","modified_gmt":"2025-09-23T06:27:20","slug":"thymian-thyme-thymus-vulgaris","status":"publish","type":"product","link":"https:\/\/mr-aziz.de\/de\/produkt\/thymian-thyme-thymus-vulgaris\/","title":{"rendered":"Thymian\/Thyme\/Thymus vulgaris"},"content":{"rendered":"<p><b><i>Die Gattung Thymus L besteht aus rund 350 Arten von mehrj\u00e4hrigen, aromatischen Kr\u00e4utern und Kreuzungen, die in Europa, Nordafrika und Asien heimisch sind. Seit tausend Jahren ist Thymian ein Superstar des Kr\u00e4utergartens, in der R\u00f6merzeit wurde allgemein angenommen, dass das Essen von Thymian entweder vor dem Essen oder w\u00e4hrend einer Mahlzeit den Esser vor Vergiftungen sch\u00fctzen w\u00fcrde. Jahrtausendelang wurde es auch als einbalsamierendes Kraut verwendet; es galt als eine machtvolle Beihilfe f\u00fcr diejenigen, die ihren Weg ins n\u00e4chste Leben finden.<\/i><\/b><\/p>\n<p><span style=\"font-weight: 400;\">Thymian\u00f6l ist eines der zehn besten \u00e4therischen \u00d6le der Welt mit antibakteriellen, antimykotischen, antioxidativen, lebensmittelkonservierenden und altersverz\u00f6gernden Eigenschaften. Thymian kann bei Bronchitis, Keuchhusten, Halsschmerzen, Koliken, Arthritis, Magenverstimmungen, Magenschmerzen, Durchfall, Bettn\u00e4ssen, einer Bewegungsst\u00f6rung bei Kindern (Dyspraxie), Darmgas, parasit\u00e4ren Wurminfektionen und Hautkrankheiten eingenommen werden. Es kann auch zur Steigerung des Urinflusses, zur Desinfektion des Urins und als Appetitanreger verwendet werden.<\/span><\/p>\n<p><span style=\"font-weight: 400;\">Einige Menschen tragen Thymian auch direkt auf die Haut auf, um den Kehlkopf zu entgiften und um geschwollen Mandeln und Mundgeruch entgegenzuwirken. Thymian\u00f6l selbst kann als Keimt\u00f6ter in Mundwasser und Kosmetika eingesetzt werden; es kann sogar auf die Kopfhaut zur Behandlung von Haarausfall sowie auf die Ohren zur Bek\u00e4mpfung von Bakterien- und Pilzinfektionen aufgetragen werden. Thymol, eine der wichtigsten Chemikalien im Thymian, kann mit einer anderen Chemikalie Namens Chlorhexidin gemischt werden, um als Zahnlack verwendet zu werden und Zahnverfall zu verhindern.<\/span><\/p>\n","protected":false},"excerpt":{"rendered":"<p><b>\u00a0Erntezeit: Fr\u00fchling bis Herbst<\/b><\/p>\n","protected":false},"featured_media":1012,"comment_status":"open","ping_status":"closed","template":"","meta":[],"product_brand":[],"product_cat":[35],"product_tag":[],"class_list":{"0":"post-1010","1":"product","2":"type-product","3":"status-publish","4":"has-post-thumbnail","6":"product_cat-alle","8":"first","9":"instock","10":"shipping-taxable","11":"product-type-simple"},"_links":{"self":[{"href":"https:\/\/mr-aziz.de\/de\/wp-json\/wp\/v2\/product\/1010","targetHints":{"allow":["GET"]}}],"collection":[{"href":"https:\/\/mr-aziz.de\/de\/wp-json\/wp\/v2\/product"}],"about":[{"href":"https:\/\/mr-aziz.de\/de\/wp-json\/wp\/v2\/types\/product"}],"replies":[{"embeddable":true,"href":"https:\/\/mr-aziz.de\/de\/wp-json\/wp\/v2\/comments?post=1010"}],"wp:featuredmedia":[{"embeddable":true,"href":"https:\/\/mr-aziz.de\/de\/wp-json\/wp\/v2\/media\/1012"}],"wp:attachment":[{"href":"https:\/\/mr-aziz.de\/de\/wp-json\/wp\/v2\/media?parent=1010"}],"wp:term":[{"taxonomy":"product_brand","embeddable":true,"href":"https:\/\/mr-aziz.de\/de\/wp-json\/wp\/v2\/product_brand?post=1010"},{"taxonomy":"product_cat","embeddable":true,"href":"https:\/\/mr-aziz.de\/de\/wp-json\/wp\/v2\/product_cat?post=1010"},{"taxonomy":"product_tag","embeddable":true,"href":"https:\/\/mr-aziz.de\/de\/wp-json\/wp\/v2\/product_tag?post=1010"}],"curies":[{"name":"wp","href":"https:\/\/api.w.org\/{rel}","templated":true}]}}